{"id":45609,"date":"2020-01-21T23:01:31","date_gmt":"2020-01-21T21:01:31","guid":{"rendered":"https:\/\/www.zombicide.com\/sci-fi-promo-xenos\/"},"modified":"2020-01-28T15:44:14","modified_gmt":"2020-01-28T13:44:14","slug":"sci-fi-promo-xenos","status":"publish","type":"page","link":"https:\/\/www.zombicide.com\/fr\/sci-fi-promo-xenos\/","title":{"rendered":"Zombicide SciFi Promo Xenos"},"content":{"rendered":"<section  class='av_textblock_section av-4o3rrj-2838f5169f4be538b1fc120a8a9b59a4 '   itemscope=\"itemscope\" itemtype=\"https:\/\/schema.org\/CreativeWork\" ><div class='avia_textblock'  itemprop=\"text\" ><p style=\"text-align: center;\">Ces Xenos promotionnels sont distribu\u00e9s lors d\u2019\u00e9v\u00e9nements sp\u00e9ciaux. Ils ne sont pas disponibles \u00e0 la vente. Suivez la <a href=\"http:\/\/www.facebook.com\/GuillotineGames\" target=\"blank\" rel=\"noopener noreferrer\">page Facebook de Guillotine Games<\/a> pour en savoir plus sur ces \u00e9v\u00e9nements sp\u00e9ciaux !<\/p>\n<\/div><\/section>\n<div id='av-masonry-1' class='av-masonry av-2xztxr-89e25b352f09f88f8edc8c704cce9f92 noHover av-fixed-size av-large-gap av-hover-overlay- av-masonry-animation-active av-masonry-col-flexible av-caption-always av-caption-style- av-masonry-entries ' data-post_id=\"45609\"><div class=\"av-masonry-container isotope av-js-disabled\"><div class='av-masonry-entry isotope-item av-masonry-item-no-image all_sort promo-xenos-fr_sort  scifi-zombicide-xenos-fr-2_sort '><\/div><a href=\"https:\/\/www.zombicide.com\/fr\/pg\/babyface-abomination\/\"  id='av-masonry-1-item-45620' data-av-masonry-item='45620' class='av-masonry-entry isotope-item post-45620 portfolio type-portfolio status-publish has-post-thumbnail hentry tag-scifi-fr portfolio_entries-promo-xenos-fr portfolio_entries-scifi-zombicide-xenos-fr-2 all_sort promo-xenos-fr_sort  scifi-zombicide-xenos-fr-2_sort  av-masonry-item-with-image av-grid-img' title=\"fBabyface-Abomination\"   itemscope=\"itemscope\" itemtype=\"https:\/\/schema.org\/CreativeWork\" ><div class='av-inner-masonry-sizer'><\/div><figure class='av-inner-masonry main_color'><div class=\"av-masonry-outerimage-container\"><div class='av-masonry-image-container lazyload' style=\"background-image:inherit;\"  title=\"fBabyface-Abomination\"  data-bg-image=\"url(https:\/\/cdn.svc.asmodee.net\/production-zombicide\/uploads\/image-converter\/2020\/01\/fBabyface-Abomination-588x705.webp)\"><\/div><\/div><figcaption class='av-inner-masonry-content site-background'><div class='av-inner-masonry-content-pos'><div class='av-inner-masonry-content-pos-content'><div class='avia-arrow'><\/div><h3 class='av-masonry-entry-title entry-title '  itemprop=\"headline\" >Babyface Abomination<\/h3><\/div><\/div><\/figcaption><\/figure><\/a><!--end av-masonry entry--><a href=\"https:\/\/www.zombicide.com\/fr\/pg\/brood-mother\/\"  id='av-masonry-1-item-45618' data-av-masonry-item='45618' class='av-masonry-entry isotope-item post-45618 portfolio type-portfolio status-publish has-post-thumbnail hentry tag-scifi-fr tag-thumb-up-fr portfolio_entries-promo-xenos-fr portfolio_entries-scifi-zombicide-xenos-fr-2 all_sort promo-xenos-fr_sort  scifi-zombicide-xenos-fr-2_sort  av-masonry-item-with-image av-grid-img' title=\"fBrood-Mother\"   itemscope=\"itemscope\" itemtype=\"https:\/\/schema.org\/CreativeWork\" ><div class='av-inner-masonry-sizer'><\/div><figure class='av-inner-masonry main_color'><div class=\"av-masonry-outerimage-container\"><div class='av-masonry-image-container lazyload' style=\"background-image:inherit;\"  title=\"fBrood-Mother\"  data-bg-image=\"url(https:\/\/cdn.svc.asmodee.net\/production-zombicide\/uploads\/image-converter\/2020\/01\/fBrood-Mother-588x705.webp)\"><\/div><\/div><figcaption class='av-inner-masonry-content site-background'><div class='av-inner-masonry-content-pos'><div class='av-inner-masonry-content-pos-content'><div class='avia-arrow'><\/div><h3 class='av-masonry-entry-title entry-title '  itemprop=\"headline\" >Brood Mother<\/h3><\/div><\/div><\/figcaption><\/figure><\/a><!--end av-masonry entry--><a href=\"https:\/\/www.zombicide.com\/fr\/pg\/buddybot-bdy-42\/\"  id='av-masonry-1-item-45627' data-av-masonry-item='45627' class='av-masonry-entry isotope-item post-45627 portfolio type-portfolio status-publish has-post-thumbnail hentry tag-scifi-fr tag-thumb-up-fr portfolio_entries-promo-xenos-fr portfolio_entries-scifi-zombicide-xenos-fr-2 all_sort promo-xenos-fr_sort  scifi-zombicide-xenos-fr-2_sort  av-masonry-item-with-image av-grid-img' title=\"fBuddyBot-BDY-42\"   itemscope=\"itemscope\" itemtype=\"https:\/\/schema.org\/CreativeWork\" ><div class='av-inner-masonry-sizer'><\/div><figure class='av-inner-masonry main_color'><div class=\"av-masonry-outerimage-container\"><div class='av-masonry-image-container lazyload' style=\"background-image:inherit;\"  title=\"fBuddyBot-BDY-42\"  data-bg-image=\"url(https:\/\/cdn.svc.asmodee.net\/production-zombicide\/uploads\/image-converter\/2020\/01\/fBuddyBot-BDY-42-588x705.webp)\"><\/div><\/div><figcaption class='av-inner-masonry-content site-background'><div class='av-inner-masonry-content-pos'><div class='av-inner-masonry-content-pos-content'><div class='avia-arrow'><\/div><h3 class='av-masonry-entry-title entry-title '  itemprop=\"headline\" >BuddyBot BDY-42<\/h3><\/div><\/div><\/figcaption><\/figure><\/a><!--end av-masonry entry--><a href=\"https:\/\/www.zombicide.com\/fr\/pg\/driller-blitzer\/\"  id='av-masonry-1-item-45621' data-av-masonry-item='45621' class='av-masonry-entry isotope-item post-45621 portfolio type-portfolio status-publish has-post-thumbnail hentry tag-scifi-fr portfolio_entries-promo-xenos-fr portfolio_entries-scifi-zombicide-xenos-fr-2 all_sort promo-xenos-fr_sort  scifi-zombicide-xenos-fr-2_sort  av-masonry-item-with-image av-grid-img' title=\"fDriller-Blitzer\"   itemscope=\"itemscope\" itemtype=\"https:\/\/schema.org\/CreativeWork\" ><div class='av-inner-masonry-sizer'><\/div><figure class='av-inner-masonry main_color'><div class=\"av-masonry-outerimage-container\"><div class='av-masonry-image-container lazyload' style=\"background-image:inherit;\"  title=\"fDriller-Blitzer\"  data-bg-image=\"url(https:\/\/cdn.svc.asmodee.net\/production-zombicide\/uploads\/image-converter\/2020\/01\/fDriller-Blitzer-588x705.webp)\"><\/div><\/div><figcaption class='av-inner-masonry-content site-background'><div class='av-inner-masonry-content-pos'><div class='av-inner-masonry-content-pos-content'><div class='avia-arrow'><\/div><h3 class='av-masonry-entry-title entry-title '  itemprop=\"headline\" >Driller Blitzer<\/h3><\/div><\/div><\/figcaption><\/figure><\/a><!--end av-masonry entry--><a href=\"https:\/\/www.zombicide.com\/fr\/pg\/flinger\/\"  id='av-masonry-1-item-45628' data-av-masonry-item='45628' class='av-masonry-entry isotope-item post-45628 portfolio type-portfolio status-publish has-post-thumbnail hentry tag-scifi-fr tag-thumb-up-max-fr portfolio_entries-promo-xenos-fr portfolio_entries-scifi-zombicide-xenos-fr-2 all_sort promo-xenos-fr_sort  scifi-zombicide-xenos-fr-2_sort  av-masonry-item-with-image av-grid-img' title=\"fFlinger\"   itemscope=\"itemscope\" itemtype=\"https:\/\/schema.org\/CreativeWork\" ><div class='av-inner-masonry-sizer'><\/div><figure class='av-inner-masonry main_color'><div class=\"av-masonry-outerimage-container\"><div class='av-masonry-image-container lazyload' style=\"background-image:inherit;\"  title=\"fFlinger\"  data-bg-image=\"url(https:\/\/cdn.svc.asmodee.net\/production-zombicide\/uploads\/image-converter\/2020\/01\/fFlinger-588x705.webp)\"><\/div><\/div><figcaption class='av-inner-masonry-content site-background'><div class='av-inner-masonry-content-pos'><div class='av-inner-masonry-content-pos-content'><div class='avia-arrow'><\/div><h3 class='av-masonry-entry-title entry-title '  itemprop=\"headline\" >Flinger<\/h3><\/div><\/div><\/figcaption><\/figure><\/a><!--end av-masonry entry--><a href=\"https:\/\/www.zombicide.com\/fr\/pg\/i-r-i-s-sentry-gun\/\"  id='av-masonry-1-item-45619' data-av-masonry-item='45619' class='av-masonry-entry isotope-item post-45619 portfolio type-portfolio status-publish has-post-thumbnail hentry tag-scifi-fr tag-thumb-up-fr portfolio_entries-promo-xenos-fr portfolio_entries-scifi-zombicide-xenos-fr-2 all_sort promo-xenos-fr_sort  scifi-zombicide-xenos-fr-2_sort  av-masonry-item-with-image av-grid-img' title=\"fIRIS-Sentry-Gun\"   itemscope=\"itemscope\" itemtype=\"https:\/\/schema.org\/CreativeWork\" ><div class='av-inner-masonry-sizer'><\/div><figure class='av-inner-masonry main_color'><div class=\"av-masonry-outerimage-container\"><div class='av-masonry-image-container lazyload' style=\"background-image:inherit;\"  title=\"fIRIS-Sentry-Gun\"  data-bg-image=\"url(https:\/\/cdn.svc.asmodee.net\/production-zombicide\/uploads\/image-converter\/2020\/01\/fIRIS-Sentry-Gun-588x705.webp)\"><\/div><\/div><figcaption class='av-inner-masonry-content site-background'><div class='av-inner-masonry-content-pos'><div class='av-inner-masonry-content-pos-content'><div class='avia-arrow'><\/div><h3 class='av-masonry-entry-title entry-title '  itemprop=\"headline\" >I.R.I.S. Sentry Gun<\/h3><\/div><\/div><\/figcaption><\/figure><\/a><!--end av-masonry entry--><a href=\"https:\/\/www.zombicide.com\/fr\/pg\/mother-in-law-abomination\/\"  id='av-masonry-1-item-45622' data-av-masonry-item='45622' class='av-masonry-entry isotope-item post-45622 portfolio type-portfolio status-publish has-post-thumbnail hentry tag-scifi-fr portfolio_entries-promo-xenos-fr portfolio_entries-scifi-zombicide-xenos-fr-2 all_sort promo-xenos-fr_sort  scifi-zombicide-xenos-fr-2_sort  av-masonry-item-with-image av-grid-img' title=\"fMother-in-Law-Abomination\"   itemscope=\"itemscope\" itemtype=\"https:\/\/schema.org\/CreativeWork\" ><div class='av-inner-masonry-sizer'><\/div><figure class='av-inner-masonry main_color'><div class=\"av-masonry-outerimage-container\"><div class='av-masonry-image-container lazyload' style=\"background-image:inherit;\"  title=\"fMother-in-Law-Abomination\"  data-bg-image=\"url(https:\/\/cdn.svc.asmodee.net\/production-zombicide\/uploads\/image-converter\/2020\/01\/fMother-in-Law-Abomination-588x705.webp)\"><\/div><\/div><figcaption class='av-inner-masonry-content site-background'><div class='av-inner-masonry-content-pos'><div class='av-inner-masonry-content-pos-content'><div class='avia-arrow'><\/div><h3 class='av-masonry-entry-title entry-title '  itemprop=\"headline\" >Mother-In-Law Abomination<\/h3><\/div><\/div><\/figcaption><\/figure><\/a><!--end av-masonry entry--><a href=\"https:\/\/www.zombicide.com\/fr\/pg\/shadow-abomination\/\"  id='av-masonry-1-item-45623' data-av-masonry-item='45623' class='av-masonry-entry isotope-item post-45623 portfolio type-portfolio status-publish has-post-thumbnail hentry tag-scifi-fr portfolio_entries-promo-xenos-fr portfolio_entries-scifi-zombicide-xenos-fr-2 all_sort promo-xenos-fr_sort  scifi-zombicide-xenos-fr-2_sort  av-masonry-item-with-image av-grid-img' title=\"fShadow-Abomination\"   itemscope=\"itemscope\" itemtype=\"https:\/\/schema.org\/CreativeWork\" ><div class='av-inner-masonry-sizer'><\/div><figure class='av-inner-masonry main_color'><div class=\"av-masonry-outerimage-container\"><div class='av-masonry-image-container lazyload' style=\"background-image:inherit;\"  title=\"fShadow-Abomination\"  data-bg-image=\"url(https:\/\/cdn.svc.asmodee.net\/production-zombicide\/uploads\/image-converter\/2020\/01\/fShadow-Abomination-588x705.webp)\"><\/div><\/div><figcaption class='av-inner-masonry-content site-background'><div class='av-inner-masonry-content-pos'><div class='av-inner-masonry-content-pos-content'><div class='avia-arrow'><\/div><h3 class='av-masonry-entry-title entry-title '  itemprop=\"headline\" >Shadow Abomination<\/h3><\/div><\/div><\/figcaption><\/figure><\/a><!--end av-masonry entry--><a href=\"https:\/\/www.zombicide.com\/fr\/pg\/stomper-abomination\/\"  id='av-masonry-1-item-45626' data-av-masonry-item='45626' class='av-masonry-entry isotope-item post-45626 portfolio type-portfolio status-publish has-post-thumbnail hentry tag-scifi-fr tag-thumb-up-fr portfolio_entries-promo-xenos-fr portfolio_entries-scifi-zombicide-xenos-fr-2 all_sort promo-xenos-fr_sort  scifi-zombicide-xenos-fr-2_sort  av-masonry-item-with-image av-grid-img' title=\"fStomper-Abomination\"   itemscope=\"itemscope\" itemtype=\"https:\/\/schema.org\/CreativeWork\" ><div class='av-inner-masonry-sizer'><\/div><figure class='av-inner-masonry main_color'><div class=\"av-masonry-outerimage-container\"><div class='av-masonry-image-container lazyload' style=\"background-image:inherit;\"  title=\"fStomper-Abomination\"  data-bg-image=\"url(https:\/\/cdn.svc.asmodee.net\/production-zombicide\/uploads\/image-converter\/2020\/01\/fStomper-Abomination-588x705.webp)\"><\/div><\/div><figcaption class='av-inner-masonry-content site-background'><div class='av-inner-masonry-content-pos'><div class='av-inner-masonry-content-pos-content'><div class='avia-arrow'><\/div><h3 class='av-masonry-entry-title entry-title '  itemprop=\"headline\" >Stomper Abomination<\/h3><\/div><\/div><\/figcaption><\/figure><\/a><!--end av-masonry entry--><a href=\"https:\/\/www.zombicide.com\/fr\/pg\/widowmaker-abomination\/\"  id='av-masonry-1-item-45624' data-av-masonry-item='45624' class='av-masonry-entry isotope-item post-45624 portfolio type-portfolio status-publish has-post-thumbnail hentry tag-scifi-fr portfolio_entries-promo-xenos-fr portfolio_entries-scifi-zombicide-xenos-fr-2 all_sort promo-xenos-fr_sort  scifi-zombicide-xenos-fr-2_sort  av-masonry-item-with-image av-grid-img' title=\"fWidowmaker-Abomination\"   itemscope=\"itemscope\" itemtype=\"https:\/\/schema.org\/CreativeWork\" ><div class='av-inner-masonry-sizer'><\/div><figure class='av-inner-masonry main_color'><div class=\"av-masonry-outerimage-container\"><div class='av-masonry-image-container lazyload' style=\"background-image:inherit;\"  title=\"fWidowmaker-Abomination\"  data-bg-image=\"url(https:\/\/cdn.svc.asmodee.net\/production-zombicide\/uploads\/image-converter\/2020\/01\/fWidowmaker-Abomination-588x705.webp)\"><\/div><\/div><figcaption class='av-inner-masonry-content site-background'><div class='av-inner-masonry-content-pos'><div class='av-inner-masonry-content-pos-content'><div class='avia-arrow'><\/div><h3 class='av-masonry-entry-title entry-title '  itemprop=\"headline\" >Widowmaker Abomination<\/h3><\/div><\/div><\/figcaption><\/figure><\/a><!--end av-masonry entry--><a href=\"https:\/\/www.zombicide.com\/fr\/pg\/xenium-horror\/\"  id='av-masonry-1-item-45625' data-av-masonry-item='45625' class='av-masonry-entry isotope-item post-45625 portfolio type-portfolio status-publish has-post-thumbnail hentry tag-scifi-fr portfolio_entries-promo-xenos-fr portfolio_entries-scifi-zombicide-xenos-fr-2 all_sort promo-xenos-fr_sort  scifi-zombicide-xenos-fr-2_sort  av-masonry-item-with-image av-grid-img' title=\"fXenium-Horror\"   itemscope=\"itemscope\" itemtype=\"https:\/\/schema.org\/CreativeWork\" ><div class='av-inner-masonry-sizer'><\/div><figure class='av-inner-masonry main_color'><div class=\"av-masonry-outerimage-container\"><div class='av-masonry-image-container lazyload' style=\"background-image:inherit;\"  title=\"fXenium-Horror\"  data-bg-image=\"url(https:\/\/cdn.svc.asmodee.net\/production-zombicide\/uploads\/image-converter\/2020\/01\/fXenium-Horror-588x705.webp)\"><\/div><\/div><figcaption class='av-inner-masonry-content site-background'><div class='av-inner-masonry-content-pos'><div class='av-inner-masonry-content-pos-content'><div class='avia-arrow'><\/div><h3 class='av-masonry-entry-title entry-title '  itemprop=\"headline\" >Xenium Horror<\/h3><\/div><\/div><\/figcaption><\/figure><\/a><!--end av-masonry entry--><\/div><\/div>\n","protected":false},"excerpt":{"rendered":"","protected":false},"author":1,"featured_media":0,"parent":0,"menu_order":187,"comment_status":"closed","ping_status":"closed","template":"","meta":{"_acf_changed":false,"footnotes":""},"categories":[],"tags":[],"class_list":["post-45609","page","type-page","status-publish","hentry"],"acf":[],"wps_subtitle":"","_links":{"self":[{"href":"https:\/\/www.zombicide.com\/fr\/wp-json\/wp\/v2\/pages\/45609","targetHints":{"allow":["GET"]}}],"collection":[{"href":"https:\/\/www.zombicide.com\/fr\/wp-json\/wp\/v2\/pages"}],"about":[{"href":"https:\/\/www.zombicide.com\/fr\/wp-json\/wp\/v2\/types\/page"}],"author":[{"embeddable":true,"href":"https:\/\/www.zombicide.com\/fr\/wp-json\/wp\/v2\/users\/1"}],"replies":[{"embeddable":true,"href":"https:\/\/www.zombicide.com\/fr\/wp-json\/wp\/v2\/comments?post=45609"}],"version-history":[{"count":0,"href":"https:\/\/www.zombicide.com\/fr\/wp-json\/wp\/v2\/pages\/45609\/revisions"}],"wp:attachment":[{"href":"https:\/\/www.zombicide.com\/fr\/wp-json\/wp\/v2\/media?parent=45609"}],"wp:term":[{"taxonomy":"category","embeddable":true,"href":"https:\/\/www.zombicide.com\/fr\/wp-json\/wp\/v2\/categories?post=45609"},{"taxonomy":"post_tag","embeddable":true,"href":"https:\/\/www.zombicide.com\/fr\/wp-json\/wp\/v2\/tags?post=45609"}],"curies":[{"name":"wp","href":"https:\/\/api.w.org\/{rel}","templated":true}]}}