{"id":6841,"date":"2016-01-07T10:54:35","date_gmt":"2016-01-07T09:54:35","guid":{"rendered":"https:\/\/www.zombicide.com\/fr\/?page_id=6841"},"modified":"2016-02-12T15:07:58","modified_gmt":"2016-02-12T14:07:58","slug":"special-guest-boxes","status":"publish","type":"page","link":"https:\/\/www.zombicide.com\/fr\/special-guest-boxes\/","title":{"rendered":"Special Guest Boxes"},"content":{"rendered":"\n<style type=\"text\/css\" data-created_by=\"avia_inline_auto\" id=\"style-css-av-av_one_full-9497bbf8bff73ea4c6992cc17fa9ec36\">\n.flex_column.av-av_one_full-9497bbf8bff73ea4c6992cc17fa9ec36{\nborder-radius:0px 0px 0px 0px;\npadding:0px 0px 0px 0px;\n}\n<\/style>\n<div  class='flex_column av-av_one_full-9497bbf8bff73ea4c6992cc17fa9ec36 av_one_full  avia-builder-el-0  avia-builder-el-no-sibling  first flex_column_div av-zero-column-padding  '     ><p><section  class='av_textblock_section av-av_textblock-35972167d9f102c5ddaec0c531c98b9e '   itemscope=\"itemscope\" itemtype=\"https:\/\/schema.org\/CreativeWork\" ><div class='avia_textblock'  itemprop=\"text\" ><p>Les <i>Special Guest Boxes<\/i> contiennent des Survivants sp\u00e9ciaux, cr\u00e9\u00e9s par de grands illustrateurs. Chacune d\u2019entre elles contient quatre figurines : deux Survivants et leurs versions Zombivants.<\/p>\n<\/div><\/section><br \/>\n<div class='portfolio_preview_container ' data-portfolio-id='1'><div class='ajax_controlls iconfont'><a href='#prev' class='ajax_previous avia-svg-icon avia-font-svg_entypo-fontello' data-av_svg_icon='left-open-mini' data-av_iconset='svg_entypo-fontello'><svg version=\"1.1\" xmlns=\"http:\/\/www.w3.org\/2000\/svg\" width=\"8\" height=\"32\" viewBox=\"0 0 8 32\" preserveAspectRatio=\"xMidYMid meet\" role=\"graphics-symbol\" aria-hidden=\"true\">\n<path d=\"M8.064 21.44q0.832 0.832 0 1.536-0.832 0.832-1.536 0l-6.144-6.208q-0.768-0.768 0-1.6l6.144-6.208q0.704-0.832 1.536 0 0.832 0.704 0 1.536l-4.992 5.504z\"><\/path>\n<\/svg><\/a><a href='#next' class='ajax_next avia-svg-icon avia-font-svg_entypo-fontello' data-av_svg_icon='right-open-mini' data-av_iconset='svg_entypo-fontello'><svg version=\"1.1\" xmlns=\"http:\/\/www.w3.org\/2000\/svg\" width=\"8\" height=\"32\" viewBox=\"0 0 8 32\" preserveAspectRatio=\"xMidYMid meet\" role=\"graphics-symbol\" aria-hidden=\"true\">\n<path d=\"M0.416 21.44l5.056-5.44-5.056-5.504q-0.832-0.832 0-1.536 0.832-0.832 1.536 0l6.144 6.208q0.768 0.832 0 1.6l-6.144 6.208q-0.704 0.832-1.536 0-0.832-0.704 0-1.536z\"><\/path>\n<\/svg><\/a><a href='#close' class='avia_close avia-svg-icon avia-font-svg_entypo-fontello' data-av_svg_icon='cancel-circled' data-av_iconset='svg_entypo-fontello'><svg version=\"1.1\" xmlns=\"http:\/\/www.w3.org\/2000\/svg\" width=\"27\" height=\"32\" viewBox=\"0 0 27 32\" preserveAspectRatio=\"xMidYMid meet\" role=\"graphics-symbol\" aria-hidden=\"true\">\n<path d=\"M13.44 2.56q5.568 0 9.504 3.936t3.936 9.504-3.936 9.504-9.504 3.936-9.504-3.936-3.936-9.504 3.936-9.504 9.504-3.936zM16.192 16l4.928-4.928-2.752-2.752-4.928 4.864-4.864-4.864-2.816 2.752 4.928 4.928-4.928 4.864 2.816 2.752 4.864-4.864 4.928 4.864 2.752-2.752z\"><\/path>\n<\/svg><\/a><\/div><div class='ajax_controlls iconfont bottom_double'><a href='#prev' class='ajax_previous avia-svg-icon avia-font-svg_entypo-fontello' data-av_svg_icon='left-open-mini' data-av_iconset='svg_entypo-fontello'><svg version=\"1.1\" xmlns=\"http:\/\/www.w3.org\/2000\/svg\" width=\"8\" height=\"32\" viewBox=\"0 0 8 32\" preserveAspectRatio=\"xMidYMid meet\" role=\"graphics-symbol\" aria-hidden=\"true\">\n<path d=\"M8.064 21.44q0.832 0.832 0 1.536-0.832 0.832-1.536 0l-6.144-6.208q-0.768-0.768 0-1.6l6.144-6.208q0.704-0.832 1.536 0 0.832 0.704 0 1.536l-4.992 5.504z\"><\/path>\n<\/svg><\/a><a href='#next' class='ajax_next avia-svg-icon avia-font-svg_entypo-fontello' data-av_svg_icon='right-open-mini' data-av_iconset='svg_entypo-fontello'><svg version=\"1.1\" xmlns=\"http:\/\/www.w3.org\/2000\/svg\" width=\"8\" height=\"32\" viewBox=\"0 0 8 32\" preserveAspectRatio=\"xMidYMid meet\" role=\"graphics-symbol\" aria-hidden=\"true\">\n<path d=\"M0.416 21.44l5.056-5.44-5.056-5.504q-0.832-0.832 0-1.536 0.832-0.832 1.536 0l6.144 6.208q0.768 0.832 0 1.6l-6.144 6.208q-0.704 0.832-1.536 0-0.832-0.704 0-1.536z\"><\/path>\n<\/svg><\/a><a href='#close' class='avia_close avia-svg-icon avia-font-svg_entypo-fontello' data-av_svg_icon='cancel-circled' data-av_iconset='svg_entypo-fontello'><svg version=\"1.1\" xmlns=\"http:\/\/www.w3.org\/2000\/svg\" width=\"27\" height=\"32\" viewBox=\"0 0 27 32\" preserveAspectRatio=\"xMidYMid meet\" role=\"graphics-symbol\" aria-hidden=\"true\">\n<path d=\"M13.44 2.56q5.568 0 9.504 3.936t3.936 9.504-3.936 9.504-9.504 3.936-9.504-3.936-3.936-9.504 3.936-9.504 9.504-3.936zM16.192 16l4.928-4.928-2.752-2.752-4.928 4.864-4.864-4.864-2.816 2.752 4.928 4.928-4.928 4.864 2.816 2.752 4.864-4.864 4.928 4.864 2.752-2.752z\"><\/path>\n<\/svg><\/a><\/div><div class=\"portfolio-details-inner\"><\/div><\/div><div  id=\"av-sc-portfolio-1\"  class=' grid-sort-container isotope   no_margin-container with-excerpt-container grid-total-even grid-col-3 grid-links-ajax' data-portfolio-id='1'><div data-ajax-id='7871' class=' grid-entry flex_column isotope-item all_sort no_margin post-entry post-entry-7871 grid-entry-overview grid-loop-1 grid-parity-odd  produits-zombicide-classic_sort special-guest-boxes-products-fr_sort  av_one_third first default_av_fullwidth '><article class='main_color inner-entry'  itemscope=\"itemscope\" itemtype=\"https:\/\/schema.org\/CreativeWork\" ><a href=\"https:\/\/www.zombicide.com\/fr\/pg\/special-guest-box-miguel-coimbra\/\" title='Special Guest Box: Miguel Coimbra'  data-rel='grid-1' class='grid-image avia-hover-fx '> <img decoding=\"async\" fetchpriority=\"high\" width=\"788\" height=\"718\" src=\"https:\/\/cdn.svc.asmodee.net\/production-zombicide\/uploads\/image-converter\/2016\/01\/prod_SGB8.webp\" class=\"wp-image-5750 avia-img-lazy-loading-not-5750 attachment-no scaling size-no scaling wp-post-image\" alt=\"\" \/><\/a><div class='grid-content'><div class='avia-arrow'><\/div><header class=\"entry-content-header\" aria-label=\"Portfolio : Special Guest Box: Miguel Coimbra\"><h3 class='grid-entry-title entry-title '  itemprop=\"headline\" ><a href='https:\/\/www.zombicide.com\/fr\/pg\/special-guest-box-miguel-coimbra\/' title='Special Guest Box: Miguel Coimbra'>Special Guest Box: Miguel Coimbra<\/a><\/h3><\/header><\/div><footer class=\"entry-footer\"><\/footer><\/article><\/div><div data-ajax-id='7870' class=' grid-entry flex_column isotope-item all_sort no_margin post-entry post-entry-7870 grid-entry-overview grid-loop-2 grid-parity-even  produits-zombicide-classic_sort special-guest-boxes-products-fr_sort  av_one_third  default_av_fullwidth '><article class='main_color inner-entry'  itemscope=\"itemscope\" itemtype=\"https:\/\/schema.org\/CreativeWork\" ><a href=\"https:\/\/www.zombicide.com\/fr\/pg\/special-guest-box-edouard-guiton\/\" title='Special Guest Box: Edouard Guiton'  data-rel='grid-1' class='grid-image avia-hover-fx '> <img decoding=\"async\" fetchpriority=\"high\" width=\"788\" height=\"718\" src=\"https:\/\/cdn.svc.asmodee.net\/production-zombicide\/uploads\/image-converter\/2016\/01\/prod_SGB4.webp\" class=\"wp-image-5734 avia-img-lazy-loading-not-5734 attachment-no scaling size-no scaling wp-post-image\" alt=\"\" \/><\/a><div class='grid-content'><div class='avia-arrow'><\/div><header class=\"entry-content-header\" aria-label=\"Portfolio : Special Guest Box: Edouard Guiton\"><h3 class='grid-entry-title entry-title '  itemprop=\"headline\" ><a href='https:\/\/www.zombicide.com\/fr\/pg\/special-guest-box-edouard-guiton\/' title='Special Guest Box: Edouard Guiton'>Special Guest Box: Edouard Guiton<\/a><\/h3><\/header><\/div><footer class=\"entry-footer\"><\/footer><\/article><\/div><div data-ajax-id='7869' class=' grid-entry flex_column isotope-item all_sort no_margin post-entry post-entry-7869 grid-entry-overview grid-loop-3 grid-parity-odd  produits-zombicide-classic_sort special-guest-boxes-products-fr_sort  av_one_third  default_av_fullwidth '><article class='main_color inner-entry'  itemscope=\"itemscope\" itemtype=\"https:\/\/schema.org\/CreativeWork\" ><a href=\"https:\/\/www.zombicide.com\/fr\/pg\/special-guest-box-john-kovalic\/\" title='Special Guest Box: John Kovalic'  data-rel='grid-1' class='grid-image avia-hover-fx '> <img decoding=\"async\" fetchpriority=\"high\" width=\"788\" height=\"718\" src=\"https:\/\/cdn.svc.asmodee.net\/production-zombicide\/uploads\/image-converter\/2016\/01\/prod_SGB5.webp\" class=\"wp-image-5738 avia-img-lazy-loading-not-5738 attachment-no scaling size-no scaling wp-post-image\" alt=\"\" \/><\/a><div class='grid-content'><div class='avia-arrow'><\/div><header class=\"entry-content-header\" aria-label=\"Portfolio : Special Guest Box: John Kovalic\"><h3 class='grid-entry-title entry-title '  itemprop=\"headline\" ><a href='https:\/\/www.zombicide.com\/fr\/pg\/special-guest-box-john-kovalic\/' title='Special Guest Box: John Kovalic'>Special Guest Box: John Kovalic<\/a><\/h3><\/header><\/div><footer class=\"entry-footer\"><\/footer><\/article><\/div><div data-ajax-id='7868' class=' grid-entry flex_column isotope-item all_sort no_margin post-entry post-entry-7868 grid-entry-overview grid-loop-4 grid-parity-even  produits-zombicide-classic_sort special-guest-boxes-products-fr_sort  av_one_third first default_av_fullwidth '><article class='main_color inner-entry'  itemscope=\"itemscope\" itemtype=\"https:\/\/schema.org\/CreativeWork\" ><a href=\"https:\/\/www.zombicide.com\/fr\/pg\/special-guest-box-paolo-parente\/\" title='Special Guest Box: Paolo Parente'  data-rel='grid-1' class='grid-image avia-hover-fx '> <img decoding=\"async\" fetchpriority=\"high\" width=\"788\" height=\"718\" src=\"https:\/\/cdn.svc.asmodee.net\/production-zombicide\/uploads\/image-converter\/2016\/01\/prod_SGB6.webp\" class=\"wp-image-5742 avia-img-lazy-loading-not-5742 attachment-no scaling size-no scaling wp-post-image\" alt=\"\" \/><\/a><div class='grid-content'><div class='avia-arrow'><\/div><header class=\"entry-content-header\" aria-label=\"Portfolio : Special Guest Box: Paolo Parente\"><h3 class='grid-entry-title entry-title '  itemprop=\"headline\" ><a href='https:\/\/www.zombicide.com\/fr\/pg\/special-guest-box-paolo-parente\/' title='Special Guest Box: Paolo Parente'>Special Guest Box: Paolo Parente<\/a><\/h3><\/header><\/div><footer class=\"entry-footer\"><\/footer><\/article><\/div><div data-ajax-id='7867' class=' grid-entry flex_column isotope-item all_sort no_margin post-entry post-entry-7867 grid-entry-overview grid-loop-5 grid-parity-odd  produits-zombicide-classic_sort special-guest-boxes-products-fr_sort  av_one_third  default_av_fullwidth '><article class='main_color inner-entry'  itemscope=\"itemscope\" itemtype=\"https:\/\/schema.org\/CreativeWork\" ><a href=\"https:\/\/www.zombicide.com\/fr\/pg\/special-guest-box-lucio-parrillo\/\" title='Special Guest Box: Lucio Parrillo'  data-rel='grid-1' class='grid-image avia-hover-fx '> <img decoding=\"async\" fetchpriority=\"high\" width=\"788\" height=\"718\" src=\"https:\/\/cdn.svc.asmodee.net\/production-zombicide\/uploads\/image-converter\/2016\/01\/prod_SGB7.webp\" class=\"wp-image-5746 avia-img-lazy-loading-not-5746 attachment-no scaling size-no scaling wp-post-image\" alt=\"\" \/><\/a><div class='grid-content'><div class='avia-arrow'><\/div><header class=\"entry-content-header\" aria-label=\"Portfolio : Special Guest Box: Lucio Parrillo\"><h3 class='grid-entry-title entry-title '  itemprop=\"headline\" ><a href='https:\/\/www.zombicide.com\/fr\/pg\/special-guest-box-lucio-parrillo\/' title='Special Guest Box: Lucio Parrillo'>Special Guest Box: Lucio Parrillo<\/a><\/h3><\/header><\/div><footer class=\"entry-footer\"><\/footer><\/article><\/div><div data-ajax-id='7866' class=' grid-entry flex_column isotope-item all_sort no_margin post-entry post-entry-7866 grid-entry-overview grid-loop-6 grid-parity-even  produits-zombicide-classic_sort special-guest-boxes-products-fr_sort  av_one_third  default_av_fullwidth '><article class='main_color inner-entry'  itemscope=\"itemscope\" itemtype=\"https:\/\/schema.org\/CreativeWork\" ><a href=\"https:\/\/www.zombicide.com\/fr\/pg\/special-guest-box-karl-kopinski\/\" title='Special Guest Box: Karl Kopinski'  data-rel='grid-1' class='grid-image avia-hover-fx '> <img decoding=\"async\" fetchpriority=\"high\" width=\"788\" height=\"718\" src=\"https:\/\/cdn.svc.asmodee.net\/production-zombicide\/uploads\/image-converter\/2016\/01\/prod_SGB2.webp\" class=\"wp-image-5726 avia-img-lazy-loading-not-5726 attachment-no scaling size-no scaling wp-post-image\" alt=\"\" \/><\/a><div class='grid-content'><div class='avia-arrow'><\/div><header class=\"entry-content-header\" aria-label=\"Portfolio : Special Guest Box: Karl Kopinski\"><h3 class='grid-entry-title entry-title '  itemprop=\"headline\" ><a href='https:\/\/www.zombicide.com\/fr\/pg\/special-guest-box-karl-kopinski\/' title='Special Guest Box: Karl Kopinski'>Special Guest Box: Karl Kopinski<\/a><\/h3><\/header><\/div><footer class=\"entry-footer\"><\/footer><\/article><\/div><div data-ajax-id='7865' class=' grid-entry flex_column isotope-item all_sort no_margin post-entry post-entry-7865 grid-entry-overview grid-loop-7 grid-parity-odd  produits-zombicide-classic_sort special-guest-boxes-products-fr_sort  av_one_third first default_av_fullwidth '><article class='main_color inner-entry'  itemscope=\"itemscope\" itemtype=\"https:\/\/schema.org\/CreativeWork\" ><a href=\"https:\/\/www.zombicide.com\/fr\/pg\/special-guest-box-kevin-walker\/\" title='Special Guest Box: Kevin Walker'  data-rel='grid-1' class='grid-image avia-hover-fx '> <img decoding=\"async\" fetchpriority=\"high\" width=\"788\" height=\"718\" src=\"https:\/\/cdn.svc.asmodee.net\/production-zombicide\/uploads\/image-converter\/2016\/01\/prod_SGB3.webp\" class=\"wp-image-5730 avia-img-lazy-loading-not-5730 attachment-no scaling size-no scaling wp-post-image\" alt=\"\" \/><\/a><div class='grid-content'><div class='avia-arrow'><\/div><header class=\"entry-content-header\" aria-label=\"Portfolio : Special Guest Box: Kevin Walker\"><h3 class='grid-entry-title entry-title '  itemprop=\"headline\" ><a href='https:\/\/www.zombicide.com\/fr\/pg\/special-guest-box-kevin-walker\/' title='Special Guest Box: Kevin Walker'>Special Guest Box: Kevin Walker<\/a><\/h3><\/header><\/div><footer class=\"entry-footer\"><\/footer><\/article><\/div><div data-ajax-id='7864' class=' grid-entry flex_column isotope-item all_sort no_margin post-entry post-entry-7864 grid-entry-overview grid-loop-8 grid-parity-even  post-entry-last  produits-zombicide-classic_sort special-guest-boxes-products-fr_sort  av_one_third  default_av_fullwidth '><article class='main_color inner-entry'  itemscope=\"itemscope\" itemtype=\"https:\/\/schema.org\/CreativeWork\" ><a href=\"https:\/\/www.zombicide.com\/fr\/pg\/special-guest-box-adrian-smith\/\" title='Special Guest Box: Adrian Smith'  data-rel='grid-1' class='grid-image avia-hover-fx '> <img decoding=\"async\" fetchpriority=\"high\" width=\"788\" height=\"718\" src=\"https:\/\/cdn.svc.asmodee.net\/production-zombicide\/uploads\/image-converter\/2016\/01\/prod_SGB1.webp\" class=\"wp-image-5722 avia-img-lazy-loading-not-5722 attachment-no scaling size-no scaling wp-post-image\" alt=\"\" \/><\/a><div class='grid-content'><div class='avia-arrow'><\/div><header class=\"entry-content-header\" aria-label=\"Portfolio : Special Guest Box: Adrian Smith\"><h3 class='grid-entry-title entry-title '  itemprop=\"headline\" ><a href='https:\/\/www.zombicide.com\/fr\/pg\/special-guest-box-adrian-smith\/' title='Special Guest Box: Adrian Smith'>Special Guest Box: Adrian Smith<\/a><\/h3><\/header><\/div><footer class=\"entry-footer\"><\/footer><\/article><\/div><\/div><\/p><\/div>\n","protected":false},"excerpt":{"rendered":"<p> [&#8230;]<\/p>\n","protected":false},"author":1,"featured_media":0,"parent":0,"menu_order":145,"comment_status":"closed","ping_status":"closed","template":"","meta":{"_acf_changed":false,"footnotes":""},"categories":[],"tags":[],"class_list":["post-6841","page","type-page","status-publish","hentry"],"acf":[],"wps_subtitle":"","_links":{"self":[{"href":"https:\/\/www.zombicide.com\/fr\/wp-json\/wp\/v2\/pages\/6841","targetHints":{"allow":["GET"]}}],"collection":[{"href":"https:\/\/www.zombicide.com\/fr\/wp-json\/wp\/v2\/pages"}],"about":[{"href":"https:\/\/www.zombicide.com\/fr\/wp-json\/wp\/v2\/types\/page"}],"author":[{"embeddable":true,"href":"https:\/\/www.zombicide.com\/fr\/wp-json\/wp\/v2\/users\/1"}],"replies":[{"embeddable":true,"href":"https:\/\/www.zombicide.com\/fr\/wp-json\/wp\/v2\/comments?post=6841"}],"version-history":[{"count":0,"href":"https:\/\/www.zombicide.com\/fr\/wp-json\/wp\/v2\/pages\/6841\/revisions"}],"wp:attachment":[{"href":"https:\/\/www.zombicide.com\/fr\/wp-json\/wp\/v2\/media?parent=6841"}],"wp:term":[{"taxonomy":"category","embeddable":true,"href":"https:\/\/www.zombicide.com\/fr\/wp-json\/wp\/v2\/categories?post=6841"},{"taxonomy":"post_tag","embeddable":true,"href":"https:\/\/www.zombicide.com\/fr\/wp-json\/wp\/v2\/tags?post=6841"}],"curies":[{"name":"wp","href":"https:\/\/api.w.org\/{rel}","templated":true}]}}