{"id":75862,"date":"2025-12-04T22:58:32","date_gmt":"2025-12-04T20:58:32","guid":{"rendered":"https:\/\/www.zombicide.com\/politique-dutilisation-des-cookies\/"},"modified":"2025-12-04T22:58:32","modified_gmt":"2025-12-04T20:58:32","slug":"politique-dutilisation-des-cookies","status":"publish","type":"page","link":"https:\/\/www.zombicide.com\/fr\/politique-dutilisation-des-cookies\/","title":{"rendered":"Politique d\u2019utilisation des cookies"},"content":{"rendered":"<h2 style=\"font-weight: 400;\"><strong>Politique d\u2019utilisation des cookies et autres traceurs<\/strong><\/h2>\n<p style=\"font-weight: 400;\">Asmodee North America, Inc., \u00e9diteur du site <strong>zombicide.com<\/strong>, (ci-apr\u00e8s Asmodee), traite vos donn\u00e9es personnelles, en qualit\u00e9 de responsable de traitement tout au long de votre navigation sur le site.<\/p>\n<p style=\"font-weight: 400;\">La pr\u00e9sente politique a pour objet de vous informer aussi bien sur le fonctionnement des cookies que sur le cadre l\u00e9gal de leur utilisation par Asmodee. Celle-ci est compl\u00e9mentaire \u00e0 la <a href=\"https:\/\/www.zombicide.com\/privacy-policy\/\">Politique de confidentialit\u00e9<\/a>.<\/p>\n<h3>QU&rsquo;EST-CE QU&rsquo;UN COOKIE ?<\/h3>\n<p style=\"font-weight: 400;\">Un cookie est un petit fichier texte, image ou logiciel qui est plac\u00e9 et stock\u00e9 sur votre ordinateur, votre tablette ou votre mobile concernant votre utilisation du site Internet.<\/p>\n<p style=\"font-weight: 400;\">Pour simplifier, le terme cookies renvoie ici \u00e0 toutes formes de traceurs susceptibles de collecter des informations sur votre navigation \u00e0 partir de votre terminal (balises, traceurs, cookies http etc).<\/p>\n<p style=\"font-weight: 400;\">En continuant \u00e0 utiliser le site zombicide.com, vous reconnaissez que vous comprenez les termes de notre politique en mati\u00e8re de cookies.<br \/>\nVous pouvez \u00e0 tout moment modifier vos pr\u00e9f\u00e9rences en vous rendant dans la section \u00ab\u00a0G\u00e9rer vos pr\u00e9f\u00e9rences en mati\u00e8re de cookies\u00a0\u00bb.<\/p>\n<p style=\"font-weight: 400;\">Deux types de cookies existent sur nos sites\u00a0:<\/p>\n<ul>\n<li>les cookies de session, qui sont temporaires et demeurent sur votre navigateur tant que vous visitez notre site, et<\/li>\n<li>les cookies persistants, qui demeurent sur votre navigateur pour une p\u00e9riode plus longue.<\/li>\n<\/ul>\n<h3 style=\"font-weight: 400;\"><strong>VOTRE CONSENTEMENT EST-IL NECESSAIRE ?<\/strong><\/h3>\n<p style=\"font-weight: 400;\">Avant de d\u00e9poser ou lire un cookie qui :<\/p>\n<ul style=\"font-weight: 400;\">\n<li>n&rsquo;est pas n\u00e9cessaire \u00e0 la fourniture d&rsquo;un service que vous sollicitez ;<\/li>\n<\/ul>\n<p style=\"font-weight: 400;\">ou<\/p>\n<ul style=\"font-weight: 400;\">\n<li>ne permet \/ ne facilite pas la communication par voie \u00e9lectronique,<\/li>\n<\/ul>\n<p style=\"font-weight: 400;\">Les \u00e9diteurs de Sites internet doivent :<\/p>\n<ul style=\"font-weight: 400;\">\n<li>informer l\u2019Utilisateur de la finalit\u00e9 des cookies ;<\/li>\n<li>obtenir le consentement de l\u2019Utilisateur ;<\/li>\n<li>fournir un moyen \u00e0 l\u2019Utilisateur de retirer ce consentement.<\/li>\n<\/ul>\n<p style=\"font-weight: 400;\">La dur\u00e9e de validit\u00e9 de ce consentement est de treize (13) mois.<\/p>\n<p style=\"font-weight: 400;\"><strong>\u00a0<\/strong><\/p>\n<h3 style=\"font-weight: 400;\"><strong>POURQUOI ASMODEE UTILISE DES COOKIES ?<\/strong><\/h3>\n<p style=\"font-weight: 400;\">Les cookies sont utilis\u00e9s \u00e0 diverses fins, telles que permettre \u00e0 l\u2019utilisateur de naviguer facilement d\u2019une page \u00e0 l\u2019autre, mettre en \u0153uvre les pr\u00e9f\u00e9rences de l\u2019utilisateur, et am\u00e9liorer l\u2019exp\u00e9rience de navigation globale, en personnalisant le site internet en fonction de la navigation de l\u2019utilisateur et pour vous fournir des options d\u2019acc\u00e8s aux r\u00e9seaux sociaux. Les cookies peuvent aussi nous aider \u00e0 faire en sorte que les publicit\u00e9s que l\u2019utilisateur voit en ligne soient les plus pertinentes pour lui et ses centres d\u2019int\u00e9r\u00eat.<\/p>\n<p style=\"font-weight: 400;\"><em>\u00a0<\/em><\/p>\n<p style=\"font-weight: 400;\">Pour en savoir plus sur nos finalit\u00e9s ou sur les prestataires auxquels nous faisons appel, vous pouvez cliquer sur \u2018Cookies\u2019, situ\u00e9 en bas de chaque page.<\/p>\n<h3 style=\"font-weight: 400;\"><strong>QUELS TYPES DE COOKIES ASMODEE UTILISE\u00a0? <\/strong><\/h3>\n<p style=\"font-weight: 400;\">Ce Site est con\u00e7u pour \u00eatre attentif \u00e0 vos besoins. C\u2019est pourquoi ASMODEE utilise des cookies en vue d\u2019optimiser votre visite sur le Site.<\/p>\n<p style=\"font-weight: 400;\">Les cookies utilis\u00e9s par ASMODEE entrent dans les cat\u00e9gories suivantes :<\/p>\n<p style=\"font-weight: 400;\"><strong>Cookies techniques<\/strong> non soumis au recueil du consentement:\u00a0ces cookies sont d\u00e9pos\u00e9s pour faciliter votre navigation entre les pages, assurer la s\u00e9curit\u00e9 de notre site mais \u00e9galement vous permettre de b\u00e9n\u00e9ficier de certaines fonctionnalit\u00e9s de notre site et\/ou de nos services (cr\u00e9ation de compte, identification &#8230;). Ces cookies expirent automatiquement lorsque vous quittez le site.<\/p>\n<p style=\"font-weight: 400;\"><strong>\u00a0<\/strong><\/p>\n<p style=\"font-weight: 400;\"><strong>Cookies fonctionnels<\/strong> non soumis au recueil du consentement: ces cookies sont strictement n\u00e9cessaires \u00e0 votre navigation afin de vous fournir une exp\u00e9rience utilisateur optimale et adapt\u00e9e \u00e0 vos pr\u00e9f\u00e9rences personnelles (d\u00e9tection de probl\u00e8mes de navigation, am\u00e9lioration de l\u2019ergonomie, stockage de votre s\u00e9lection de produits dans votre panier.).<\/p>\n<p style=\"font-weight: 400;\"><strong>Cookies de mesure d\u2019audience<\/strong> soumis au recueil de votre consentement: ces cookies font l\u2019objet d\u2019un param\u00e9trage additionnel par rapport \u00e0 des cookies de mesure d\u2019audience non soumis au recueil du consentement. C\u2019est la raison pour laquelle ils ne seront d\u00e9pos\u00e9s que si vous donnez votre consentement. Ils nous permettent d\u2019\u00e9tablir des statistiques anonymes de suivi de navigation plus pr\u00e9cis \u00e0 travers les diff\u00e9rents terminaux que vous utilisez.<\/p>\n<p style=\"font-weight: 400;\"><strong>Pixels espions dans les newsletters : <\/strong>Nous utilisons des pixels espions (aussi appel\u00e9s web beacons) dans nos emails marketing. Ces petites images transparentes nous permettent de savoir si et quand vous avez ouvert un email, ainsi que les liens sur lesquels vous avez cliqu\u00e9.<strong>\u00a0<\/strong><\/p>\n<h3 style=\"font-weight: 400;\"><strong>QUELLES INFORMATIONS SONT COLLECTEES\u00a0? <\/strong><\/h3>\n<p style=\"font-weight: 400;\">Lorsque vous consultez un site internet, ce site peut stocker ou r\u00e9cup\u00e9rer des informations en utilisant votre navigateur. Ces informations ne vous identifient pas directement, Il permet d\u2019enregistrer des informations relatives \u00e0 la navigation de votre Terminal sur le Site, que ASMODEE pourra lire lors de vos visites ult\u00e9rieures sur le Site, ce qui vous permettra de profiter d\u2019une exp\u00e9rience internet plus personnalis\u00e9e.<\/p>\n<p style=\"font-weight: 400;\">Les informations collect\u00e9es au travers des pixels espions peuvent inclure :<\/p>\n<ul style=\"font-weight: 400;\">\n<li>La date et l&rsquo;heure d&rsquo;ouverture de l&#8217;email<\/li>\n<li>Votre adresse IP<\/li>\n<li>Votre type d&rsquo;appareil et syst\u00e8me d&rsquo;exploitation<\/li>\n<li>Les liens sur lesquels vous avez cliqu\u00e9 dans l&#8217;email<\/li>\n<\/ul>\n<p style=\"font-weight: 400;\">Ces donn\u00e9es nous aident \u00e0 mesurer l&rsquo;efficacit\u00e9 de nos campagnes email et \u00e0 am\u00e9liorer nos communications.<\/p>\n<p style=\"font-weight: 400;\"><strong>\u00a0<\/strong><\/p>\n<h3 style=\"font-weight: 400;\"><strong>QUELLE EST LA DUREE DE CONSERVATION DES COOKIES ?<\/strong><\/h3>\n<p style=\"font-weight: 400;\">Les cookies sont conserv\u00e9s soit pour la dur\u00e9e de navigation sur le Site soit pendant une dur\u00e9e de treize (13) mois apr\u00e8s leur premier d\u00e9p\u00f4t sur votre Terminal.<\/p>\n<p style=\"font-weight: 400;\">A l\u2019expiration de la dur\u00e9e de conservation, les donn\u00e9es \u00e0 caract\u00e8re personnel collect\u00e9es au travers des cookies seront supprim\u00e9es.<\/p>\n<h3><\/h3>\n<h3>COMMENT PUIS-JE GERER LES COOKIES DEPOSES SUR MON TERMINAL DEPUIS NOTRE SITE ?<\/h3>\n<p style=\"font-weight: 400;\">Hormis pour les cookies techniquement strictement n\u00e9cessaires, l\u2019enregistrement d\u2019un cookie sur un Terminal est subordonn\u00e9 \u00e0 votre volont\u00e9, que vous pouvez exprimer et modifier \u00e0 tout moment et gratuitement \u00e0 travers les diff\u00e9rents choix qui vous sont offerts.<\/p>\n<p style=\"font-weight: 400;\">En effet, vous pouvez facilement d\u00e9sactiver et\/ou effacer les cookies de votre ordinateur, de votre tablette ou de votre mobile gr\u00e2ce \u00e0 la gestion des param\u00e8tres de votre navigateur.<\/p>\n<p style=\"font-weight: 400;\">Plusieurs possibilit\u00e9s sont offertes \u00e0 l\u2019Utilisateur pour s\u2019opposer aux cookies :<\/p>\n<ul style=\"font-weight: 400;\">\n<li><strong>Param\u00e9trage des cookies par le navigateur internet<\/strong><\/li>\n<\/ul>\n<p style=\"font-weight: 400;\">L\u2019Utilisateur peut configurer son navigateur internet de mani\u00e8re \u00e0 ce que des cookies de type HTTP soient enregistr\u00e9s dans son Terminal ou, au contraire, qu&rsquo;ils soient rejet\u00e9s, soit syst\u00e9matiquement, soit selon leur \u00e9metteur.<\/p>\n<p style=\"font-weight: 400;\">L\u2019Utilisateur peut \u00e9galement configurer son navigateur internet de mani\u00e8re \u00e0 ce que l&rsquo;acceptation ou le refus des cookies lui soient propos\u00e9s ponctuellement, avant qu&rsquo;un cookie soit susceptible d&rsquo;\u00eatre enregistr\u00e9 dans son Terminal.<\/p>\n<p style=\"font-weight: 400;\">Pour la gestion des cookies et de ses choix, la configuration de chaque navigateur est diff\u00e9rente. Elle est d\u00e9crite dans le menu d&rsquo;aide du navigateur de l\u2019Utilisateur, qui lui permettra de savoir de quelle mani\u00e8re modifier ses souhaits en mati\u00e8re de cookies :<\/p>\n<ul style=\"font-weight: 400;\">\n<li>Pour Microsoft Internet explorer (Windows Internet Explorer, Windows 10, Windows 8.1,Windows 7) :\u00a0<a href=\"http:\/\/windows.microsoft.com\/fr-FR\/windows-vista\/Block-or-allow-cookies\">http:\/\/windows.microsoft.com\/fr-FR\/windows-vista\/Block-or-allow-cookies<\/a><\/li>\n<li>Pour Google Chrome :\u00a0<a href=\"https:\/\/support.google.com\/chrome\/answer\/95647?co=GENIE.Platform%3DDesktop&amp;hl=fr\">https:\/\/support.google.com\/chrome\/answer\/95647?co=GENIE.Platform%3DDesktop&amp;hl=fr<\/a><\/li>\n<li>Pour Safari :\u00a0<a href=\"https:\/\/support.apple.com\/kb\/PH21411?locale=fr_FR&amp;viewlocale=fr_FR\">https:\/\/support.apple.com\/kb\/PH21411?locale=fr_FR&amp;viewlocale=fr_FR<\/a><\/li>\n<li>Pour Safari IPhone \/ IPad :\u00a0<a href=\"https:\/\/support.apple.com\/fr-fr\/HT201265\">https:\/\/support.apple.com\/fr-fr\/HT201265<\/a><\/li>\n<li>Pour Firefox :\u00a0<a href=\"https:\/\/support.mozilla.org\/fr\/kb\/activer-desactiver-cookies-preferences\">https:\/\/support.mozilla.org\/fr\/kb\/activer-desactiver-cookies-preferences<\/a><\/li>\n<\/ul>\n<ul style=\"font-weight: 400;\">\n<li><strong>Les conseils de la CNIL<\/strong><\/li>\n<\/ul>\n<p style=\"font-weight: 400;\">Le site de la CNIL (Commission nationale Informatique et Libert\u00e9s) vous propose des conseils pour limiter la tra\u00e7abilit\u00e9 de votre navigation web :<\/p>\n<ul style=\"font-weight: 400;\">\n<li>bloquer les cookies tiers. Les cookies tiers ne sont habituellement pas n\u00e9cessaires pour profiter des ressources disponibles sur Internet. Si vous souhaitez limiter vos traces, il est recommand\u00e9 de les refuser par d\u00e9faut.<\/li>\n<li>Emp\u00eacher l&rsquo;installation des traceurs les plus r\u00e9pandus. De nombreuses extensions permettent de bloquer les diff\u00e9rents traceurs. Par exemple, pour le navigateur Chrome, DoNotTrackMe, Disconnect, Ghostery\u2026<\/li>\n<li>Bloquer les boutons de partage des r\u00e9seaux sociaux.<\/li>\n<li>Limiter le tra\u00e7age dans Adobe Flash. Il est recommand\u00e9 de changer ces param\u00e8tres en se connectant au gestionnaire de param\u00e8tres accessible en ligne mais, si le site de Flash propose une d\u00e9sactivation afin d\u2019emp\u00eacher tout stockage sur les ordinateurs, elle ne fonctionne pas \u00e0 100%.\u00a0Les cookies LSO (Flash) r\u00e9sistent \u00e0 la manipulation qui consiste \u00e0 effacer les cookies \u00ab traditionnels \u00bb par le biais du navigateur web. Plut\u00f4t que d\u2019effacer manuellement les cookies LSO, il est possible de\u00a0t\u00e9l\u00e9charger une extension \u00e0 votre navigateur\u00a0qui vous permettra de les supprimer \u00e0 chaque fermeture du navigateur. Par exemple, Betterprivacy pour Firefox.<\/li>\n<\/ul>\n<ul style=\"font-weight: 400;\">\n<li><strong>M\u00e9canisme \u00ab Do not track \u00bb<\/strong><\/li>\n<\/ul>\n<p style=\"font-weight: 400;\">Il vous est \u00e9galement possible de param\u00e9trer votre navigateur afin que ce dernier signale aux sites Web que vous ne souhaitez pas \u00eatre suivi (m\u00e9canisme dit \u00ab\u00a0Do not track\u00a0\u00bb).<\/p>\n<ul style=\"font-weight: 400;\">\n<li>Google Chrome<br \/>\n<a href=\"https:\/\/support.google.com\/chrome\/answer\/114836\">https :\/\/support.google.com\/chrome\/answer\/114836<\/a><\/li>\n<li>Mozilla Firefox<br \/>\n<a href=\"https:\/\/support.mozilla.org\/fr\/kb\/comment-activer-option-ne-pas-pister\">https :\/\/support.mozilla.org\/fr\/kb\/comment-activer-option-ne-pas-pister<\/a><\/li>\n<li>Microsoft Internet Explorer<br \/>\n<a href=\"http:\/\/windows.microsoft.com\/fr-fr\/internet-explorer\/use-tracking-protection#ie=ie-11\">http:\/\/windows.microsoft.com\/fr-fr\/internet-explorer\/use-tracking-protection#ie = ie-11<\/a><\/li>\n<li>Microsoft Edge<br \/>\n<a href=\"https:\/\/privacy.microsoft.com\/fr-fr\/windows-10-microsoft-edge-and-privacy\">https:\/\/privacy.microsoft.com\/fr-fr\/windows-10-microsoft-edge-and-privacy<\/a><\/li>\n<li>Apple Safari<br \/>\n<a href=\"http:\/\/support.apple.com\/kb\/PH11952\">http:\/\/support.apple.com\/kb\/PH11952<\/a><\/li>\n<li>Mozilla Firefox<u><br \/>\n<\/u><a href=\"https:\/\/support.mozilla.org\/fr\/kb\/comment-activer-option-ne-pas-pister\">https :\/\/support.mozilla.org\/fr\/kb\/comment-activer-option-ne-pas-pister<\/a><\/li>\n<\/ul>\n<p style=\"font-weight: 400;\">Vous pouvez enfin vous connecter au site Youronlinechoices, propos\u00e9 par les professionnels de la publicit\u00e9 digitale regroup\u00e9s au sein de l\u2019association europ\u00e9enne EDAA (European Digital Advertising Alliance) et g\u00e9r\u00e9 en France par l\u2019Interactive Advertising Bureau France.<\/p>\n<p style=\"font-weight: 400;\">Vous pourrez ainsi conna\u00eetre les entreprises inscrites \u00e0 cette plateforme et qui vous offrent la possibilit\u00e9 de refuser ou d&rsquo;accepter les cookies utilis\u00e9s par ces entreprises pour adapter \u00e0 vos informations de navigation les publicit\u00e9s susceptibles d&rsquo;\u00eatre affich\u00e9es sur votre Terminal :\u00a0<a href=\"http:\/\/www.youronlinechoices.com\/fr\/controler-ses-cookies\/\">http:\/\/www.youronlinechoices.com\/fr\/controler-ses-cookies\/<\/a><u>.<\/u><\/p>\n<p style=\"font-weight: 400;\">Cette plate-forme europ\u00e9enne est partag\u00e9e par des centaines de professionnels de la publicit\u00e9 sur Internet et constitue une interface centralis\u00e9e vous permettant d&rsquo;exprimer votre refus ou votre acceptation des cookies susceptibles d&rsquo;\u00eatre utilis\u00e9s afin d&rsquo;adapter \u00e0 la navigation de votre Terminal les publicit\u00e9s susceptibles d&rsquo;y \u00eatre affich\u00e9es. Noter que cette proc\u00e9dure n&#8217;emp\u00eachera pas l&rsquo;affichage de publicit\u00e9s sur les sites Internet que vous visitez. Elle ne bloquera que les technologies qui permettent d&rsquo;adapter des publicit\u00e9s \u00e0 vos centres d&rsquo;int\u00e9r\u00eats.<\/p>\n<h4><\/h4>\n<h3 style=\"font-weight: 400;\"><strong>COMMENT NOUS CONTACTER<\/strong><\/h3>\n<p style=\"font-weight: 400;\">Pour toutes questions concernant nos pratiques en mati\u00e8re de protection des donn\u00e9es et la fa\u00e7on dont nous traitons vos donn\u00e9es, vous pouvez contacter notre \u00e9quipe vie priv\u00e9e et le D\u00e9l\u00e9gu\u00e9 \u00e0 la Protection des Donn\u00e9es en envoyant un e-mail \u00e0 l\u2019adresse <a href=\"mailto:datacontrol@asmodeena.com\">datacontrol@asmodeena.com<\/a><\/p>\n<p style=\"font-weight: 400;\">Ou bien en adressant un courrier \u00e0\u00a0:<\/p>\n<p style=\"font-weight: 400;\">Data Protection Office<\/p>\n<p style=\"font-weight: 400;\">Asmodee North America<\/p>\n<p style=\"font-weight: 400;\">1995 County Road B2 West<\/p>\n<p style=\"font-weight: 400;\">Roseville, MN 55113<\/p>\n<h3 style=\"font-weight: 400;\"><strong>POUR EN SAVOIR PLUS<\/strong><\/h3>\n<p style=\"font-weight: 400;\">Pour tout savoir sur la fa\u00e7on dont nous proc\u00e9dons au traitement de vos donn\u00e9es personnelles, nous vous invitons \u00e0 prendre connaissance de notre <a href=\"https:\/\/www.zombicide.com\/privacy-policy\/\">politique de confidentialit\u00e9<em>.<\/em><\/a><\/p>\n<p style=\"font-weight: 400;\"><strong>Date de la derni\u00e8re mise \u00e0 jour : 4 d\u00e9cembre 2025<\/strong><\/p>\n","protected":false},"excerpt":{"rendered":"<p>Politique d\u2019utilisation des cookies et autres traceurs Asmodee North America, Inc., \u00e9diteur du site zombicide.com, (ci-apr\u00e8s Asmodee), traite vos donn\u00e9es personnelles, en qualit\u00e9 de responsable de traitement tout au long de votre navigation sur le site. La pr\u00e9sente politique a pour objet de vous informer aussi bien sur le fonctionnement des cookies que sur le [&hellip;]<\/p>\n","protected":false},"author":7,"featured_media":0,"parent":0,"menu_order":107,"comment_status":"closed","ping_status":"closed","template":"","meta":{"_acf_changed":false,"footnotes":""},"categories":[],"tags":[],"class_list":["post-75862","page","type-page","status-publish","hentry"],"acf":[],"wps_subtitle":"","_links":{"self":[{"href":"https:\/\/www.zombicide.com\/fr\/wp-json\/wp\/v2\/pages\/75862","targetHints":{"allow":["GET"]}}],"collection":[{"href":"https:\/\/www.zombicide.com\/fr\/wp-json\/wp\/v2\/pages"}],"about":[{"href":"https:\/\/www.zombicide.com\/fr\/wp-json\/wp\/v2\/types\/page"}],"author":[{"embeddable":true,"href":"https:\/\/www.zombicide.com\/fr\/wp-json\/wp\/v2\/users\/7"}],"replies":[{"embeddable":true,"href":"https:\/\/www.zombicide.com\/fr\/wp-json\/wp\/v2\/comments?post=75862"}],"version-history":[{"count":0,"href":"https:\/\/www.zombicide.com\/fr\/wp-json\/wp\/v2\/pages\/75862\/revisions"}],"wp:attachment":[{"href":"https:\/\/www.zombicide.com\/fr\/wp-json\/wp\/v2\/media?parent=75862"}],"wp:term":[{"taxonomy":"category","embeddable":true,"href":"https:\/\/www.zombicide.com\/fr\/wp-json\/wp\/v2\/categories?post=75862"},{"taxonomy":"post_tag","embeddable":true,"href":"https:\/\/www.zombicide.com\/fr\/wp-json\/wp\/v2\/tags?post=75862"}],"curies":[{"name":"wp","href":"https:\/\/api.w.org\/{rel}","templated":true}]}}