{"id":7752,"date":"2016-01-07T10:54:35","date_gmt":"2016-01-07T09:54:35","guid":{"rendered":"https:\/\/www.zombicide.com\/fr\/gaming-night-kits\/"},"modified":"2017-01-17T16:58:18","modified_gmt":"2017-01-17T15:58:18","slug":"gaming-night-kits","status":"publish","type":"page","link":"https:\/\/www.zombicide.com\/fr\/gaming-night-kits\/","title":{"rendered":"Gaming Night Kits"},"content":{"rendered":"\n<style type=\"text\/css\" data-created_by=\"avia_inline_auto\" id=\"style-css-av-av_one_full-9497bbf8bff73ea4c6992cc17fa9ec36\">\n.flex_column.av-av_one_full-9497bbf8bff73ea4c6992cc17fa9ec36{\nborder-radius:0px 0px 0px 0px;\npadding:0px 0px 0px 0px;\n}\n<\/style>\n<div  class='flex_column av-av_one_full-9497bbf8bff73ea4c6992cc17fa9ec36 av_one_full  avia-builder-el-0  avia-builder-el-no-sibling  first flex_column_div av-zero-column-padding  '     ><p><section  class='av_textblock_section av-av_textblock-35972167d9f102c5ddaec0c531c98b9e '   itemscope=\"itemscope\" itemtype=\"https:\/\/schema.org\/CreativeWork\" ><div class='avia_textblock'  itemprop=\"text\" ><p>Que diriez-vous d\u2019affronter des zombies toute la nuit et de repartir \u00e0 l\u2019aube avec des r\u00e9compenses exclusives? Chaque pack Gaming Night contient une campagne de trois missions, des figurines exclusives et des d\u00e9s sp\u00e9ciaux pour le jeu de plateau <i>Zombicide<\/i>. Rejoignez l\u2019\u00e9quipe, passez une nuit m\u00e9morable et compl\u00e9tez la collection de votre abri avec des pi\u00e8ces rares !<\/p>\n<\/div><\/section><br \/>\n<div class='portfolio_preview_container ' data-portfolio-id='1'><div class='ajax_controlls iconfont'><a href='#prev' class='ajax_previous avia-svg-icon avia-font-svg_entypo-fontello' data-av_svg_icon='left-open-mini' data-av_iconset='svg_entypo-fontello'><svg version=\"1.1\" xmlns=\"http:\/\/www.w3.org\/2000\/svg\" width=\"8\" height=\"32\" viewBox=\"0 0 8 32\" preserveAspectRatio=\"xMidYMid meet\" role=\"graphics-symbol\" aria-hidden=\"true\">\n<path d=\"M8.064 21.44q0.832 0.832 0 1.536-0.832 0.832-1.536 0l-6.144-6.208q-0.768-0.768 0-1.6l6.144-6.208q0.704-0.832 1.536 0 0.832 0.704 0 1.536l-4.992 5.504z\"><\/path>\n<\/svg><\/a><a href='#next' class='ajax_next avia-svg-icon avia-font-svg_entypo-fontello' data-av_svg_icon='right-open-mini' data-av_iconset='svg_entypo-fontello'><svg version=\"1.1\" xmlns=\"http:\/\/www.w3.org\/2000\/svg\" width=\"8\" height=\"32\" viewBox=\"0 0 8 32\" preserveAspectRatio=\"xMidYMid meet\" role=\"graphics-symbol\" aria-hidden=\"true\">\n<path d=\"M0.416 21.44l5.056-5.44-5.056-5.504q-0.832-0.832 0-1.536 0.832-0.832 1.536 0l6.144 6.208q0.768 0.832 0 1.6l-6.144 6.208q-0.704 0.832-1.536 0-0.832-0.704 0-1.536z\"><\/path>\n<\/svg><\/a><a href='#close' class='avia_close avia-svg-icon avia-font-svg_entypo-fontello' data-av_svg_icon='cancel-circled' data-av_iconset='svg_entypo-fontello'><svg version=\"1.1\" xmlns=\"http:\/\/www.w3.org\/2000\/svg\" width=\"27\" height=\"32\" viewBox=\"0 0 27 32\" preserveAspectRatio=\"xMidYMid meet\" role=\"graphics-symbol\" aria-hidden=\"true\">\n<path d=\"M13.44 2.56q5.568 0 9.504 3.936t3.936 9.504-3.936 9.504-9.504 3.936-9.504-3.936-3.936-9.504 3.936-9.504 9.504-3.936zM16.192 16l4.928-4.928-2.752-2.752-4.928 4.864-4.864-4.864-2.816 2.752 4.928 4.928-4.928 4.864 2.816 2.752 4.864-4.864 4.928 4.864 2.752-2.752z\"><\/path>\n<\/svg><\/a><\/div><div class='ajax_controlls iconfont bottom_double'><a href='#prev' class='ajax_previous avia-svg-icon avia-font-svg_entypo-fontello' data-av_svg_icon='left-open-mini' data-av_iconset='svg_entypo-fontello'><svg version=\"1.1\" xmlns=\"http:\/\/www.w3.org\/2000\/svg\" width=\"8\" height=\"32\" viewBox=\"0 0 8 32\" preserveAspectRatio=\"xMidYMid meet\" role=\"graphics-symbol\" aria-hidden=\"true\">\n<path d=\"M8.064 21.44q0.832 0.832 0 1.536-0.832 0.832-1.536 0l-6.144-6.208q-0.768-0.768 0-1.6l6.144-6.208q0.704-0.832 1.536 0 0.832 0.704 0 1.536l-4.992 5.504z\"><\/path>\n<\/svg><\/a><a href='#next' class='ajax_next avia-svg-icon avia-font-svg_entypo-fontello' data-av_svg_icon='right-open-mini' data-av_iconset='svg_entypo-fontello'><svg version=\"1.1\" xmlns=\"http:\/\/www.w3.org\/2000\/svg\" width=\"8\" height=\"32\" viewBox=\"0 0 8 32\" preserveAspectRatio=\"xMidYMid meet\" role=\"graphics-symbol\" aria-hidden=\"true\">\n<path d=\"M0.416 21.44l5.056-5.44-5.056-5.504q-0.832-0.832 0-1.536 0.832-0.832 1.536 0l6.144 6.208q0.768 0.832 0 1.6l-6.144 6.208q-0.704 0.832-1.536 0-0.832-0.704 0-1.536z\"><\/path>\n<\/svg><\/a><a href='#close' class='avia_close avia-svg-icon avia-font-svg_entypo-fontello' data-av_svg_icon='cancel-circled' data-av_iconset='svg_entypo-fontello'><svg version=\"1.1\" xmlns=\"http:\/\/www.w3.org\/2000\/svg\" width=\"27\" height=\"32\" viewBox=\"0 0 27 32\" preserveAspectRatio=\"xMidYMid meet\" role=\"graphics-symbol\" aria-hidden=\"true\">\n<path d=\"M13.44 2.56q5.568 0 9.504 3.936t3.936 9.504-3.936 9.504-9.504 3.936-9.504-3.936-3.936-9.504 3.936-9.504 9.504-3.936zM16.192 16l4.928-4.928-2.752-2.752-4.928 4.864-4.864-4.864-2.816 2.752 4.928 4.928-4.928 4.864 2.816 2.752 4.864-4.864 4.928 4.864 2.752-2.752z\"><\/path>\n<\/svg><\/a><\/div><div class=\"portfolio-details-inner\"><\/div><\/div><div  id=\"av-sc-portfolio-1\"  class=' grid-sort-container isotope   no_margin-container with-excerpt-container grid-total-odd grid-col-3 grid-links-ajax' data-portfolio-id='1'><div data-ajax-id='17143' class=' grid-entry flex_column isotope-item all_sort no_margin post-entry post-entry-17143 grid-entry-overview grid-loop-1 grid-parity-odd  gaming-night-kits-products-fr_sort produits-zombicide-classic_sort  av_one_third first default_av_fullwidth '><article class='main_color inner-entry'  itemscope=\"itemscope\" itemtype=\"https:\/\/schema.org\/CreativeWork\" ><a href=\"https:\/\/www.zombicide.com\/fr\/pg\/gaming-night-kit-5-bluehand-protocol\/\" title='Gaming Night Kit #5: Bluehand Protocol'  data-rel='grid-1' class='grid-image avia-hover-fx '> <img decoding=\"async\" fetchpriority=\"high\" width=\"1000\" height=\"700\" src=\"https:\/\/cdn.svc.asmodee.net\/production-zombicide\/uploads\/image-converter\/2017\/01\/prod_GNK5.webp\" class=\"wp-image-17108 avia-img-lazy-loading-not-17108 attachment-no scaling size-no scaling wp-post-image\" alt=\"\" \/><\/a><div class='grid-content'><div class='avia-arrow'><\/div><header class=\"entry-content-header\" aria-label=\"Portfolio : Gaming Night Kit #5: Bluehand Protocol\"><h3 class='grid-entry-title entry-title '  itemprop=\"headline\" ><a href='https:\/\/www.zombicide.com\/fr\/pg\/gaming-night-kit-5-bluehand-protocol\/' title='Gaming Night Kit #5: Bluehand Protocol'>Gaming Night Kit #5: Bluehand Protocol<\/a><\/h3><\/header><\/div><footer class=\"entry-footer\"><\/footer><\/article><\/div><div data-ajax-id='7849' class=' grid-entry flex_column isotope-item all_sort no_margin post-entry post-entry-7849 grid-entry-overview grid-loop-2 grid-parity-even  gaming-night-kits-products-fr_sort produits-zombicide-classic_sort  av_one_third  default_av_fullwidth '><article class='main_color inner-entry'  itemscope=\"itemscope\" itemtype=\"https:\/\/schema.org\/CreativeWork\" ><a href=\"https:\/\/www.zombicide.com\/fr\/pg\/gaming-night-kit-3-piege-a-zombies\/\" title='Gaming Night Kit #3: Pi\u00e8ge \u00e0 Zombies'  data-rel='grid-1' class='grid-image avia-hover-fx '> <img decoding=\"async\" fetchpriority=\"high\" width=\"1000\" height=\"700\" src=\"https:\/\/cdn.svc.asmodee.net\/production-zombicide\/uploads\/image-converter\/2016\/01\/prod_GNK3.webp\" class=\"wp-image-5690 avia-img-lazy-loading-not-5690 attachment-no scaling size-no scaling wp-post-image\" alt=\"\" \/><\/a><div class='grid-content'><div class='avia-arrow'><\/div><header class=\"entry-content-header\" aria-label=\"Portfolio : Gaming Night Kit #3: Pi\u00e8ge \u00e0 Zombies\"><h3 class='grid-entry-title entry-title '  itemprop=\"headline\" ><a href='https:\/\/www.zombicide.com\/fr\/pg\/gaming-night-kit-3-piege-a-zombies\/' title='Gaming Night Kit #3: Pi\u00e8ge \u00e0 Zombies'>Gaming Night Kit #3: Pi\u00e8ge \u00e0 Zombies<\/a><\/h3><\/header><\/div><footer class=\"entry-footer\"><\/footer><\/article><\/div><div data-ajax-id='7850' class=' grid-entry flex_column isotope-item all_sort no_margin post-entry post-entry-7850 grid-entry-overview grid-loop-3 grid-parity-odd  gaming-night-kits-products-fr_sort produits-zombicide-classic_sort  av_one_third  default_av_fullwidth '><article class='main_color inner-entry'  itemscope=\"itemscope\" itemtype=\"https:\/\/schema.org\/CreativeWork\" ><a href=\"https:\/\/www.zombicide.com\/fr\/pg\/gaming-night-kit-2-vendredi-noir\/\" title='Gaming Night Kit #2: Vendredi Noir'  data-rel='grid-1' class='grid-image avia-hover-fx '> <img decoding=\"async\" fetchpriority=\"high\" width=\"1000\" height=\"700\" src=\"https:\/\/cdn.svc.asmodee.net\/production-zombicide\/uploads\/image-converter\/2016\/01\/prod_GNK2.webp\" class=\"wp-image-5686 avia-img-lazy-loading-not-5686 attachment-no scaling size-no scaling wp-post-image\" alt=\"\" \/><\/a><div class='grid-content'><div class='avia-arrow'><\/div><header class=\"entry-content-header\" aria-label=\"Portfolio : Gaming Night Kit #2: Vendredi Noir\"><h3 class='grid-entry-title entry-title '  itemprop=\"headline\" ><a href='https:\/\/www.zombicide.com\/fr\/pg\/gaming-night-kit-2-vendredi-noir\/' title='Gaming Night Kit #2: Vendredi Noir'>Gaming Night Kit #2: Vendredi Noir<\/a><\/h3><\/header><\/div><footer class=\"entry-footer\"><\/footer><\/article><\/div><div data-ajax-id='7851' class=' grid-entry flex_column isotope-item all_sort no_margin post-entry post-entry-7851 grid-entry-overview grid-loop-4 grid-parity-even  gaming-night-kits-products-fr_sort produits-zombicide-classic_sort  av_one_third first default_av_fullwidth '><article class='main_color inner-entry'  itemscope=\"itemscope\" itemtype=\"https:\/\/schema.org\/CreativeWork\" ><a href=\"https:\/\/www.zombicide.com\/fr\/pg\/gaming-night-kit-1-cars-food-guns\/\" title='Gaming Night Kit #1: Des Bagnoles, de la Bouffe ou des Flingues'  data-rel='grid-1' class='grid-image avia-hover-fx '> <img decoding=\"async\" fetchpriority=\"high\" width=\"1000\" height=\"700\" src=\"https:\/\/cdn.svc.asmodee.net\/production-zombicide\/uploads\/image-converter\/2016\/01\/prod_GNK1.webp\" class=\"wp-image-5682 avia-img-lazy-loading-not-5682 attachment-no scaling size-no scaling wp-post-image\" alt=\"\" \/><\/a><div class='grid-content'><div class='avia-arrow'><\/div><header class=\"entry-content-header\" aria-label=\"Portfolio : Gaming Night Kit #1: Des Bagnoles, de la Bouffe ou des Flingues\"><h3 class='grid-entry-title entry-title '  itemprop=\"headline\" ><a href='https:\/\/www.zombicide.com\/fr\/pg\/gaming-night-kit-1-cars-food-guns\/' title='Gaming Night Kit #1: Des Bagnoles, de la Bouffe ou des Flingues'>Gaming Night Kit #1: Des Bagnoles, de la Bouffe ou des Flingues<\/a><\/h3><\/header><\/div><footer class=\"entry-footer\"><\/footer><\/article><\/div><div data-ajax-id='30865' class=' grid-entry flex_column isotope-item all_sort no_margin post-entry post-entry-30865 grid-entry-overview grid-loop-5 grid-parity-odd  post-entry-last  gaming-night-kits-products-fr_sort produits-zombicide-classic_sort  av_one_third  default_av_fullwidth '><article class='main_color inner-entry'  itemscope=\"itemscope\" itemtype=\"https:\/\/schema.org\/CreativeWork\" ><a href=\"https:\/\/www.zombicide.com\/fr\/pg\/black-plague-game-night-1-cauchemars\/\" title='Black Plague Game Night #1 : Cauchemars'  data-rel='grid-1' class='grid-image avia-hover-fx '> <img decoding=\"async\" fetchpriority=\"high\" width=\"785\" height=\"543\" src=\"https:\/\/cdn.svc.asmodee.net\/production-zombicide\/uploads\/image-converter\/2018\/10\/prod_GNKBP1.webp\" class=\"wp-image-32077 avia-img-lazy-loading-not-32077 attachment-no scaling size-no scaling wp-post-image\" alt=\"\" \/><\/a><div class='grid-content'><div class='avia-arrow'><\/div><header class=\"entry-content-header\" aria-label=\"Portfolio : Black Plague Game Night #1 : Cauchemars\"><h3 class='grid-entry-title entry-title '  itemprop=\"headline\" ><a href='https:\/\/www.zombicide.com\/fr\/pg\/black-plague-game-night-1-cauchemars\/' title='Black Plague Game Night #1 : Cauchemars'>Black Plague Game Night #1 : Cauchemars<\/a><\/h3><\/header><\/div><footer class=\"entry-footer\"><\/footer><\/article><\/div><\/div><\/p><\/div>\n","protected":false},"excerpt":{"rendered":"<p> [&#8230;]<\/p>\n","protected":false},"author":1,"featured_media":0,"parent":0,"menu_order":65,"comment_status":"closed","ping_status":"closed","template":"","meta":{"_acf_changed":false,"footnotes":""},"categories":[],"tags":[],"class_list":["post-7752","page","type-page","status-publish","hentry"],"acf":[],"wps_subtitle":"","_links":{"self":[{"href":"https:\/\/www.zombicide.com\/fr\/wp-json\/wp\/v2\/pages\/7752","targetHints":{"allow":["GET"]}}],"collection":[{"href":"https:\/\/www.zombicide.com\/fr\/wp-json\/wp\/v2\/pages"}],"about":[{"href":"https:\/\/www.zombicide.com\/fr\/wp-json\/wp\/v2\/types\/page"}],"author":[{"embeddable":true,"href":"https:\/\/www.zombicide.com\/fr\/wp-json\/wp\/v2\/users\/1"}],"replies":[{"embeddable":true,"href":"https:\/\/www.zombicide.com\/fr\/wp-json\/wp\/v2\/comments?post=7752"}],"version-history":[{"count":0,"href":"https:\/\/www.zombicide.com\/fr\/wp-json\/wp\/v2\/pages\/7752\/revisions"}],"wp:attachment":[{"href":"https:\/\/www.zombicide.com\/fr\/wp-json\/wp\/v2\/media?parent=7752"}],"wp:term":[{"taxonomy":"category","embeddable":true,"href":"https:\/\/www.zombicide.com\/fr\/wp-json\/wp\/v2\/categories?post=7752"},{"taxonomy":"post_tag","embeddable":true,"href":"https:\/\/www.zombicide.com\/fr\/wp-json\/wp\/v2\/tags?post=7752"}],"curies":[{"name":"wp","href":"https:\/\/api.w.org\/{rel}","templated":true}]}}