{"id":7805,"date":"2016-01-11T10:04:13","date_gmt":"2016-01-11T09:04:13","guid":{"rendered":"https:\/\/www.zombicide.com\/fr\/compendium-1\/"},"modified":"2016-02-23T14:24:31","modified_gmt":"2016-02-23T13:24:31","slug":"compendium-1","status":"publish","type":"page","link":"https:\/\/www.zombicide.com\/fr\/compendium-1\/","title":{"rendered":"Zombicide Compendium #1"},"content":{"rendered":"<section  class='av_textblock_section av-av_textblock-35972167d9f102c5ddaec0c531c98b9e '   itemscope=\"itemscope\" itemtype=\"https:\/\/schema.org\/CreativeWork\" ><div class='avia_textblock'  itemprop=\"text\" ><h2>Zombicide Compendium #1<\/h2>\n<p>Le <i>Compendium #1<\/i> de Zombicide est un ouvrage de 92 pages d\u00e9di\u00e9 exclusivement \u00e0 votre jeu pr\u00e9f\u00e9r\u00e9 ! Non seulement il rassemble l\u2019int\u00e9gralit\u00e9 des Sc\u00e9narios et Campagnes de la Saison 1 dans une version r\u00e9vis\u00e9e, mais il vous offre \u00e9galement des Missions jusqu\u2019alors jamais disponibles en ligne, de pr\u00e9cieux avis et conseils de la part des concepteurs, ainsi qu\u2019une Campagne exclusive !<\/p>\n<p>Vous \u00eates un Zombifan av\u00e9r\u00e9 et vous encha\u00eenez compulsivement les parties ? Quelqu\u2019un dans votre entourage ne peut plus se passer de ce jeu et ne cesse de vous en rebattre les oreilles ? Qu\u2019\u00e0 cela ne tienne, le <i>Compendium #1<\/i> est le cadeau id\u00e9al \u00e0 faire, tout autant \u00e0 vos amis qu\u2019\u00e0 vous-m\u00eame !<\/p>\n<p>Aujourd\u2019hui, en exclusivit\u00e9, nous vous pr\u00e9sentons ce magnifique ouvrage sur lequel les \u00e9quipes de Guillotine Games et d\u2019Edge Entertainment ont longuement travaill\u00e9, perfectionnant jusqu\u2019au moindre d\u00e9tail de chaque Mission, rectifiant les erreurs pr\u00e9alablement rep\u00e9r\u00e9es et cr\u00e9ant pour vous un recueil complet de tout ce qui touche \u00e0 la <i>Saison 1<\/i> de <i>Zombicide<\/i>.<\/p>\n<h2>Missions, Campagnes et Secrets des concepteurs<\/h2>\n<p class=\"italic\"><a href=\"https:\/\/cdn.svc.asmodee.net\/production-zombicide\/uploads\/2016\/01\/prod_Compendium1-1.jpg\" rel=\"attachment wp-att-2163\"><img decoding=\"async\" class=\"alignleft wp-image-2163 size-medium lazyload\" data-src=\"https:\/\/cdn.svc.asmodee.net\/production-zombicide\/uploads\/2016\/01\/prod_Compendium1-1-300x293.jpg\" alt=\"prod_Compendium1\" width=\"300\" height=\"293\" data-srcset=\"https:\/\/cdn.svc.asmodee.net\/production-zombicide\/uploads\/image-converter\/2016\/01\/prod_Compendium1-1-300x293.webp 300w, https:\/\/cdn.svc.asmodee.net\/production-zombicide\/uploads\/image-converter\/2016\/01\/prod_Compendium1-1-36x36.webp 36w, https:\/\/cdn.svc.asmodee.net\/production-zombicide\/uploads\/image-converter\/2016\/01\/prod_Compendium1-1-705x688.webp 705w, https:\/\/cdn.svc.asmodee.net\/production-zombicide\/uploads\/image-converter\/2016\/01\/prod_Compendium1-1.webp 717w\" data-sizes=\"(max-width: 300px) 100vw, 300px\" src=\"data:image\/svg+xml;base64,PHN2ZyB3aWR0aD0iMSIgaGVpZ2h0PSIxIiB4bWxucz0iaHR0cDovL3d3dy53My5vcmcvMjAwMC9zdmciPjwvc3ZnPg==\" style=\"--smush-placeholder-width: 300px; --smush-placeholder-aspect-ratio: 300\/293;\" \/><\/a>De septembre 2012 aux premiers jours d\u2019octobre 2013. Pendant presque un an, Guillotine Games et Edge Entertainment ont publi\u00e9 de nombreuses Missions et du mat\u00e9riel in\u00e9dit pour Zombicide, premier jeu de Guillotine Games, aujourd\u2019hui connu sous le nom de Saison 1.<\/p>\n<p class=\"italic\">Et vous avez fait partie de l\u2019aventure, par le biais du Concours Kyoko, qui nous a permis de rassembler des centaines de Missions\u2026 un immense merci \u00e0 tous !<\/p>\n<p class=\"bold\">Toutes les Missions contenues dans ce Compendium ont \u00e9t\u00e9 cr\u00e9\u00e9es pour <i>Zombicide : Saison 1<\/i>. Libre \u00e0 vous d\u2019y ajouter ce que vous voulez\u2026 \u00e0 vos risques et p\u00e9rils !<\/p>\n<p>Le <i>Compendium #1<\/i> rassemble toutes les Missions officielles pour <i>Zombicide<\/i> publi\u00e9es au cours de cette p\u00e9riode. Elles ont \u00e9t\u00e9 r\u00e9vis\u00e9es pour correspondre \u00e0 nos standards actuels et remises en page de fa\u00e7on \u00e0 former un v\u00e9ritable ouvrage complet.<\/p>\n<p><b>Les Missions de type \u00ab A \u00bb<\/b> ont \u00e9t\u00e9 con\u00e7ues par l\u2019\u00e9quipe de Guillotine Games. La plupart d\u2019entre elles ont \u00e9t\u00e9 publi\u00e9es sur les sites officiels de Guillotine Games et d\u2019Edge Entertainment (<a href=\"http:\/\/www.Zombicide.com\">www.Zombicide.com<\/a> et <a href=\"http:\/\/www.EdgeEnt.com\" target=\"_blank\">www.EdgeEnt.com<\/a>). D\u2019autres ont \u00e9t\u00e9 publi\u00e9es dans des magazines. Nombreux sont ceux qui les d\u00e9couvriront pour la premi\u00e8re fois dans ces pages.<\/p>\n<p><b>Les Missions de type \u00ab C \u00bb<\/b> ont \u00e9t\u00e9 cr\u00e9\u00e9es par vous, les joueurs, pour le concours de Missions Kyoko. Les plus immersives, originales, surprenantes ou tout simplement dr\u00f4les ont \u00e9t\u00e9 s\u00e9lectionn\u00e9es par notre \u00e9quipe et publi\u00e9es sur les sites officiels de Guillotine Games et d\u2019Edge Entertainment. Si vous avez l\u2019intention de cr\u00e9er vos propres Missions, penchez-vous sur ces derni\u00e8res en priorit\u00e9. Elles proposent des id\u00e9es vraiment surprenantes et inattendues.<\/p>\n<p><img decoding=\"async\" class=\"thumb aligncenter wp-image-2168 size-full lazyload\" data-src=\"https:\/\/cdn.svc.asmodee.net\/production-zombicide\/uploads\/2016\/01\/deco4.jpg\" alt=\"deco4\" width=\"564\" height=\"200\" data-srcset=\"https:\/\/cdn.svc.asmodee.net\/production-zombicide\/uploads\/image-converter\/2016\/01\/deco4.webp 564w, https:\/\/cdn.svc.asmodee.net\/production-zombicide\/uploads\/image-converter\/2016\/01\/deco4-300x106.webp 300w\" data-sizes=\"(max-width: 564px) 100vw, 564px\" src=\"data:image\/svg+xml;base64,PHN2ZyB3aWR0aD0iMSIgaGVpZ2h0PSIxIiB4bWxucz0iaHR0cDovL3d3dy53My5vcmcvMjAwMC9zdmciPjwvc3ZnPg==\" style=\"--smush-placeholder-width: 564px; --smush-placeholder-aspect-ratio: 564\/200;\" \/><\/p>\n<p>Les gagnants ont re\u00e7u <a class=\"fancybox fancybox.ajax various\" href=\"https:\/\/www.zombicide.com\/fr\/pg\/kyoko\/\" rel=\"gallery\">Kyoko, une Survivante exclusive<\/a>, dans sa version Standard et Zombivante. C\u2019est la raison pour laquelle Kyoko a \u00e9t\u00e9 choisie comme mascotte pour ce livre.<\/p>\n<p><b>Switch City<\/b> fut la toute premi\u00e8re campagne pour <i>Zombicide<\/i>, publi\u00e9e pour remercier tous les joueurs qui avaient soutenu le jeu lors de son d\u00e9veloppement. Cette s\u00e9rie de 6 Missions vous donnera du fil \u00e0 retordre, notamment si vous choisissez de n\u2019utiliser que la bo\u00eete de la Saison 1 !<\/p>\n<p><b>La campagne <i>Boomtown<\/i><\/b> fut cr\u00e9\u00e9e tout sp\u00e9cialement pour ce Compendium. Apr\u00e8s une ann\u00e9e de combats, les Survivants de la Saison 1 doivent faire face \u00e0 une terrible invasion et d\u00e9cident d\u2019en finir une fois pour toutes en faisant exploser une ville enti\u00e8re. Mais les plans ne se d\u00e9roulent jamais comme pr\u00e9vu. Vous \u00eates partants ?<\/p>\n<p><b>Les notes de concepteurs sur les cartes \u00c9quipement et Zombie<\/b> ont \u00e9t\u00e9 tr\u00e8s populaires en leur temps pour une bonne raison : elles r\u00e9v\u00e8lent quelques-uns des secrets du jeu pour vous permettre de modifier la difficult\u00e9 selon vos besoins, gr\u00e2ce aux cartes Zombie num\u00e9rot\u00e9es et aux cartes \u00c9quipement. Elles sont incontournables si vous pr\u00e9voyez de personnaliser vos parties de la Saison 1 et d\u00e9cuplent la rejouabilit\u00e9 d\u00e9j\u00e0 immense de <i>Zombicide<\/i>.<\/p>\n<p><img decoding=\"async\" class=\"thumb aligncenter wp-image-2164 size-full lazyload\" data-src=\"https:\/\/cdn.svc.asmodee.net\/production-zombicide\/uploads\/2016\/01\/deco5.jpg\" alt=\"\" width=\"564\" height=\"200\" data-srcset=\"https:\/\/cdn.svc.asmodee.net\/production-zombicide\/uploads\/image-converter\/2016\/01\/deco5.webp 564w, https:\/\/cdn.svc.asmodee.net\/production-zombicide\/uploads\/image-converter\/2016\/01\/deco5-300x106.webp 300w\" data-sizes=\"(max-width: 564px) 100vw, 564px\" src=\"data:image\/svg+xml;base64,PHN2ZyB3aWR0aD0iMSIgaGVpZ2h0PSIxIiB4bWxucz0iaHR0cDovL3d3dy53My5vcmcvMjAwMC9zdmciPjwvc3ZnPg==\" style=\"--smush-placeholder-width: 564px; --smush-placeholder-aspect-ratio: 564\/200;\" \/><\/p>\n<h2>Et pour finir en beaut\u00e9\u2026<\/h2>\n<p>Elle vous tente, cette campagne exclusive ? Ces 7 Missions toutes plus ardues les unes que les autres, mais dont il vous faudra pourtant triompher si vous voulez survivre \u00e0 l\u2019Apocalypse et vous lancer \u00e0 corps perdu dans la <a href=\"https:\/\/www.zombicide.com\/fr\/prison-outbreak\/\"><i>Saison 2 : Prison Outbreak<\/i><\/a> ?<\/p>\n<p><i>Boomtown<\/i> est une campagne en 7 Missions pour <i>Zombicide : Saison 1<\/i>. Les joueurs vont former une \u00e9quipe d\u2019\u00e9lite avec leurs Survivants pr\u00e9f\u00e9r\u00e9s et se lancer dans une t\u00e2che jamais entreprise jusqu\u2019alors dans l\u2019univers de <i>Zombicide<\/i> : atomiser une ville enti\u00e8re de zombies avec tous les moyens disponibles. Assurez-vous de choisir les Survivants les plus adapt\u00e9s et prot\u00e9gez-vous les uns les autres : survivre \u00e0 un encha\u00eenement de sept Missions est un d\u00e9fi. Une fois que vous aurez remport\u00e9 la campagne de <i>Boomtown<\/i>, vous pourrez pr\u00e9tendre \u00eatre un Survivant aguerri de <i>Zombicide<\/i>.<\/p>\n<\/div><\/section>\n\n<style type=\"text\/css\" data-created_by=\"avia_inline_auto\" id=\"style-css-av-av_icon_box-8ed95855bbd1238b73e1deeba2133f23\">\n.iconbox.av-av_icon_box-8ed95855bbd1238b73e1deeba2133f23 .iconbox_icon{\nbackground-color:#ffffff;\nborder:1px solid #ffffff;\ncolor:#222222;\n}\n.iconbox.av-av_icon_box-8ed95855bbd1238b73e1deeba2133f23 .iconbox_icon.avia-svg-icon svg:first-child{\nfill:#222222;\nstroke:#222222;\n}\n<\/style>\n<article  class='iconbox iconbox_top av-av_icon_box-8ed95855bbd1238b73e1deeba2133f23  avia-builder-el-1  el_after_av_textblock  avia-builder-el-last  game-content noTextShadow main_color'  itemscope=\"itemscope\" itemtype=\"https:\/\/schema.org\/CreativeWork\" ><div class=\"iconbox_content\"><header class=\"entry-content-header\" aria-label=\"Ic\u00f4ne : \"><div class='iconbox_icon heading-color avia-iconfont avia-font-zombicons' data-av_icon='' data-av_iconfont='zombicons'  ><\/div><\/header><div class='iconbox_content_container '  itemprop=\"text\" ><p><em>Beaumont \u00e9tait une ville agr\u00e9able dont l\u2019activit\u00e9 principale reposait sur une \u00e9norme fabrique de jeux. La moiti\u00e9 de population, sinon plus, y travaillait, et des int\u00e9rimaires \u00e9taient souvent appel\u00e9s des banlieues voisines au moment des exp\u00e9ditions de No\u00ebl.<\/em><br \/>\n<em>Aujourd\u2019hui, cette main-d\u2019oeuvre heureuse s\u2019est transform\u00e9e en une l\u00e9gion de zombies.<\/em><\/p>\n<p><em>Apr\u00e8s un d\u00e9bat houleux, il a \u00e9t\u00e9 d\u00e9cid\u00e9 que sauver Beaumont demanderait trop d\u2019efforts et que nous devions la faire dispara\u00eetre de la surface de la Terre. On va r\u00e9cup\u00e9rer tous les produits inflammables des villes voisines, tous les engins explosifs qu\u2019on trouvera et transformer Beaumont en\u2026 Boomtown.<\/em><\/p>\n<\/div><\/div><footer class=\"entry-footer\"><\/footer><\/article>\n","protected":false},"excerpt":{"rendered":"<p> [&#8230;]<\/p>\n","protected":false},"author":1,"featured_media":0,"parent":0,"menu_order":177,"comment_status":"closed","ping_status":"closed","template":"","meta":{"_acf_changed":false,"footnotes":""},"categories":[],"tags":[],"class_list":["post-7805","page","type-page","status-publish","hentry"],"acf":[],"wps_subtitle":"","_links":{"self":[{"href":"https:\/\/www.zombicide.com\/fr\/wp-json\/wp\/v2\/pages\/7805","targetHints":{"allow":["GET"]}}],"collection":[{"href":"https:\/\/www.zombicide.com\/fr\/wp-json\/wp\/v2\/pages"}],"about":[{"href":"https:\/\/www.zombicide.com\/fr\/wp-json\/wp\/v2\/types\/page"}],"author":[{"embeddable":true,"href":"https:\/\/www.zombicide.com\/fr\/wp-json\/wp\/v2\/users\/1"}],"replies":[{"embeddable":true,"href":"https:\/\/www.zombicide.com\/fr\/wp-json\/wp\/v2\/comments?post=7805"}],"version-history":[{"count":0,"href":"https:\/\/www.zombicide.com\/fr\/wp-json\/wp\/v2\/pages\/7805\/revisions"}],"wp:attachment":[{"href":"https:\/\/www.zombicide.com\/fr\/wp-json\/wp\/v2\/media?parent=7805"}],"wp:term":[{"taxonomy":"category","embeddable":true,"href":"https:\/\/www.zombicide.com\/fr\/wp-json\/wp\/v2\/categories?post=7805"},{"taxonomy":"post_tag","embeddable":true,"href":"https:\/\/www.zombicide.com\/fr\/wp-json\/wp\/v2\/tags?post=7805"}],"curies":[{"name":"wp","href":"https:\/\/api.w.org\/{rel}","templated":true}]}}